{"id":119,"date":"2026-03-20T12:48:33","date_gmt":"2026-03-20T12:48:33","guid":{"rendered":"https:\/\/sbservicos.cliqueapps.pt\/?page_id=119"},"modified":"2026-03-27T23:16:51","modified_gmt":"2026-03-27T23:16:51","slug":"elementor-sb-servicos-e-consultoria","status":"publish","type":"page","link":"https:\/\/sbservicos.net.br\/","title":{"rendered":"HOME"},"content":{"rendered":"\t\t<div data-elementor-type=\"wp-post\" data-elementor-id=\"119\" class=\"elementor elementor-119\">\n\t\t\t\t<div class=\"elementor-element elementor-element-4a50896 e-con-full e-flex e-con e-parent\" data-id=\"4a50896\" data-element_type=\"container\" data-e-type=\"container\">\n\t\t\t\t<div class=\"elementor-element elementor-element-4834ba2 elementor-widget elementor-widget-heading\" data-id=\"4834ba2\" data-element_type=\"widget\" data-e-type=\"widget\" data-widget_type=\"heading.default\">\n\t\t\t\t\t<h2 class=\"elementor-heading-title elementor-size-default\"><br>SB SERVI\u00c7OS E CONSULTORIA<\/h2>\t\t\t\t<\/div>\n\t\t\t\t<\/div>\n\t\t<div class=\"elementor-element elementor-element-ca1baf2 e-flex e-con-boxed e-con e-parent\" data-id=\"ca1baf2\" data-element_type=\"container\" data-e-type=\"container\">\n\t\t\t\t\t<div class=\"e-con-inner\">\n\t\t<div class=\"elementor-element elementor-element-6a605d7 e-con-full e-flex e-con e-child\" data-id=\"6a605d7\" data-element_type=\"container\" data-e-type=\"container\">\n\t\t\t\t<div class=\"elementor-element elementor-element-f6913ec elementor-widget elementor-widget-text-editor\" data-id=\"f6913ec\" data-element_type=\"widget\" data-e-type=\"widget\" data-widget_type=\"text-editor.default\">\n\t\t\t\t\t\t\t\t\t<p><strong data-start=\"91\" data-end=\"240\"><span dir=\"auto\" style=\"vertical-align: inherit;\"><span dir=\"auto\" style=\"vertical-align: inherit;\"><span dir=\"auto\" style=\"vertical-align: inherit;\">A SB Servi\u00e7os Intermedia\u00e7\u00f5es \u00e9 uma empresa especializada em solu\u00e7\u00f5es sustent\u00e1veis \u200b\u200be intermedia\u00e7\u00e3o de neg\u00f3cios em escala nacional e internacional.<\/span><\/span><\/span><\/strong><span dir=\"auto\" style=\"vertical-align: inherit;\"><span dir=\"auto\" style=\"vertical-align: inherit;\"><span dir=\"auto\" style=\"vertical-align: inherit;\"> Atuamos com foco na implanta\u00e7\u00e3o de usinas de res\u00edduos s\u00f3lidos urbanos (RSU) e res\u00edduos de constru\u00e7\u00e3o civil (RCC), promovendo a transforma\u00e7\u00e3o de res\u00edduos em energia e novos insumos.<\/span><\/span><\/span><\/p><p><span dir=\"auto\" style=\"vertical-align: inherit;\">Al\u00e9m disso, operamos na intermedia\u00e7\u00e3o de commodities, exporta\u00e7\u00e3o e importa\u00e7\u00e3o, conectando parceiros estrat\u00e9gicos e gerando oportunidades comerciais com efici\u00eancia e seguran\u00e7a. Nossa atua\u00e7\u00e3o tamb\u00e9m se estende ao segmento ambiental, contribuindo diretamente para o desenvolvimento sustent\u00e1vel e a melhoria da qualidade de vida da popula\u00e7\u00e3o.<\/span><\/p>\t\t\t\t\t\t\t\t<\/div>\n\t\t\t\t<\/div>\n\t\t\t\t\t<\/div>\n\t\t\t\t<\/div>\n\t\t<div class=\"elementor-element elementor-element-ba7a24f e-con-full e-flex e-con e-parent\" data-id=\"ba7a24f\" data-element_type=\"container\" data-e-type=\"container\">\n\t\t\t\t<div class=\"elementor-element elementor-element-0e0b5cd elementor-widget elementor-widget-image\" data-id=\"0e0b5cd\" data-element_type=\"widget\" data-e-type=\"widget\" data-widget_type=\"image.default\">\n\t\t\t\t\t\t\t\t\t\t\t\t\t\t\t<img fetchpriority=\"high\" decoding=\"async\" width=\"1024\" height=\"683\" src=\"https:\/\/sbservicos.net.br\/wp-content\/uploads\/2026\/03\/Copia-de-SB-Projeto-Valorizacao-Residuos-Solidos-Antenne.pdf-1024x683.png\" class=\"attachment-large size-large wp-image-279\" alt=\"\" srcset=\"https:\/\/sbservicos.net.br\/wp-content\/uploads\/2026\/03\/Copia-de-SB-Projeto-Valorizacao-Residuos-Solidos-Antenne.pdf-1024x683.png 1024w, https:\/\/sbservicos.net.br\/wp-content\/uploads\/2026\/03\/Copia-de-SB-Projeto-Valorizacao-Residuos-Solidos-Antenne.pdf-300x200.png 300w, https:\/\/sbservicos.net.br\/wp-content\/uploads\/2026\/03\/Copia-de-SB-Projeto-Valorizacao-Residuos-Solidos-Antenne.pdf-768x512.png 768w, https:\/\/sbservicos.net.br\/wp-content\/uploads\/2026\/03\/Copia-de-SB-Projeto-Valorizacao-Residuos-Solidos-Antenne.pdf-1536x1025.png 1536w, https:\/\/sbservicos.net.br\/wp-content\/uploads\/2026\/03\/Copia-de-SB-Projeto-Valorizacao-Residuos-Solidos-Antenne.pdf.png 1619w\" sizes=\"(max-width: 1024px) 100vw, 1024px\" \/>\t\t\t\t\t\t\t\t\t\t\t\t\t\t\t<\/div>\n\t\t\t\t<\/div>\n\t\t<div class=\"elementor-element elementor-element-e7473cd e-flex e-con-boxed e-con e-parent\" data-id=\"e7473cd\" data-element_type=\"container\" data-e-type=\"container\">\n\t\t\t\t\t<div class=\"e-con-inner\">\n\t\t\t\t<div class=\"elementor-element elementor-element-73c1716 elementor-widget elementor-widget-heading\" data-id=\"73c1716\" data-element_type=\"widget\" data-e-type=\"widget\" data-widget_type=\"heading.default\">\n\t\t\t\t\t<h2 class=\"elementor-heading-title elementor-size-default\">PARCEIROS<\/h2>\t\t\t\t<\/div>\n\t\t\t\t<div class=\"elementor-element elementor-element-1ad5ee6 elementor-arrows-position-inside elementor-pagination-position-outside elementor-widget elementor-widget-image-carousel\" data-id=\"1ad5ee6\" data-element_type=\"widget\" data-e-type=\"widget\" data-settings=\"{&quot;navigation&quot;:&quot;both&quot;,&quot;autoplay&quot;:&quot;yes&quot;,&quot;pause_on_hover&quot;:&quot;yes&quot;,&quot;pause_on_interaction&quot;:&quot;yes&quot;,&quot;autoplay_speed&quot;:5000,&quot;infinite&quot;:&quot;yes&quot;,&quot;speed&quot;:500}\" data-widget_type=\"image-carousel.default\">\n\t\t\t\t\t\t\t<div class=\"elementor-image-carousel-wrapper swiper\" role=\"region\" aria-roledescription=\"carousel\" aria-label=\"Image Carousel\" dir=\"ltr\">\n\t\t\t<div class=\"elementor-image-carousel swiper-wrapper\" aria-live=\"off\">\n\t\t\t\t\t\t\t\t<div class=\"swiper-slide\" role=\"group\" aria-roledescription=\"slide\" aria-label=\"1 of 2\"><figure class=\"swiper-slide-inner\"><img decoding=\"async\" class=\"swiper-slide-image\" src=\"https:\/\/sbservicos.net.br\/wp-content\/uploads\/2026\/03\/2-150x150.png\" alt=\"2\" \/><\/figure><\/div><div class=\"swiper-slide\" role=\"group\" aria-roledescription=\"slide\" aria-label=\"2 of 2\"><figure class=\"swiper-slide-inner\"><img decoding=\"async\" class=\"swiper-slide-image\" src=\"https:\/\/sbservicos.net.br\/wp-content\/uploads\/2026\/03\/Design-sem-nome-18-150x150.png\" alt=\"Design sem nome (18)\" \/><\/figure><\/div>\t\t\t<\/div>\n\t\t\t\t\t\t\t\t\t\t\t\t<div class=\"elementor-swiper-button elementor-swiper-button-prev\" role=\"button\" tabindex=\"0\">\n\t\t\t\t\t\t<svg aria-hidden=\"true\" class=\"e-font-icon-svg e-eicon-chevron-left\" viewBox=\"0 0 1000 1000\" xmlns=\"http:\/\/www.w3.org\/2000\/svg\"><path d=\"M646 125C629 125 613 133 604 142L308 442C296 454 292 471 292 487 292 504 296 521 308 533L604 854C617 867 629 875 646 875 663 875 679 871 692 858 704 846 713 829 713 812 713 796 708 779 692 767L438 487 692 225C700 217 708 204 708 187 708 171 704 154 692 142 675 129 663 125 646 125Z\"><\/path><\/svg>\t\t\t\t\t<\/div>\n\t\t\t\t\t<div class=\"elementor-swiper-button elementor-swiper-button-next\" role=\"button\" tabindex=\"0\">\n\t\t\t\t\t\t<svg aria-hidden=\"true\" class=\"e-font-icon-svg e-eicon-chevron-right\" viewBox=\"0 0 1000 1000\" xmlns=\"http:\/\/www.w3.org\/2000\/svg\"><path d=\"M696 533C708 521 713 504 713 487 713 471 708 454 696 446L400 146C388 133 375 125 354 125 338 125 325 129 313 142 300 154 292 171 292 187 292 204 296 221 308 233L563 492 304 771C292 783 288 800 288 817 288 833 296 850 308 863 321 871 338 875 354 875 371 875 388 867 400 854L696 533Z\"><\/path><\/svg>\t\t\t\t\t<\/div>\n\t\t\t\t\n\t\t\t\t\t\t\t\t\t<div class=\"swiper-pagination\"><\/div>\n\t\t\t\t\t\t\t\t\t<\/div>\n\t\t\t\t\t\t<\/div>\n\t\t\t\t\t<\/div>\n\t\t\t\t<\/div>\n\t\t\t\t<\/div>\n\t\t","protected":false},"excerpt":{"rendered":"<p>SB SERVI\u00c7OS E CONSULTORIA A SB Servi\u00e7os Intermedia\u00e7\u00f5es \u00e9 uma empresa especializada em solu\u00e7\u00f5es sustent\u00e1veis \u200b\u200be intermedia\u00e7\u00e3o de neg\u00f3cios em escala nacional e internacional. Atuamos com foco na implanta\u00e7\u00e3o de usinas de res\u00edduos s\u00f3lidos urbanos (RSU) e res\u00edduos de constru\u00e7\u00e3o civil (RCC), promovendo a transforma\u00e7\u00e3o de res\u00edduos em energia e novos insumos. Al\u00e9m disso, operamos [&hellip;]<\/p>\n","protected":false},"author":1,"featured_media":0,"parent":0,"menu_order":0,"comment_status":"closed","ping_status":"closed","template":"","meta":{"footnotes":""},"class_list":["post-119","page","type-page","status-publish","hentry"],"_links":{"self":[{"href":"https:\/\/sbservicos.net.br\/index.php?rest_route=\/wp\/v2\/pages\/119","targetHints":{"allow":["GET"]}}],"collection":[{"href":"https:\/\/sbservicos.net.br\/index.php?rest_route=\/wp\/v2\/pages"}],"about":[{"href":"https:\/\/sbservicos.net.br\/index.php?rest_route=\/wp\/v2\/types\/page"}],"author":[{"embeddable":true,"href":"https:\/\/sbservicos.net.br\/index.php?rest_route=\/wp\/v2\/users\/1"}],"replies":[{"embeddable":true,"href":"https:\/\/sbservicos.net.br\/index.php?rest_route=%2Fwp%2Fv2%2Fcomments&post=119"}],"version-history":[{"count":28,"href":"https:\/\/sbservicos.net.br\/index.php?rest_route=\/wp\/v2\/pages\/119\/revisions"}],"predecessor-version":[{"id":309,"href":"https:\/\/sbservicos.net.br\/index.php?rest_route=\/wp\/v2\/pages\/119\/revisions\/309"}],"wp:attachment":[{"href":"https:\/\/sbservicos.net.br\/index.php?rest_route=%2Fwp%2Fv2%2Fmedia&parent=119"}],"curies":[{"name":"wp","href":"https:\/\/api.w.org\/{rel}","templated":true}]}}