{"id":145,"date":"2026-03-20T13:46:23","date_gmt":"2026-03-20T13:46:23","guid":{"rendered":"https:\/\/sbservicos.cliqueapps.pt\/?page_id=145"},"modified":"2026-03-20T13:48:07","modified_gmt":"2026-03-20T13:48:07","slug":"nossos-servicos","status":"publish","type":"page","link":"https:\/\/sbservicos.net.br\/?page_id=145","title":{"rendered":"NOSSOS SERVI\u00c7OS"},"content":{"rendered":"\t\t<div data-elementor-type=\"wp-page\" data-elementor-id=\"145\" class=\"elementor elementor-145\">\n\t\t\t\t<div class=\"elementor-element elementor-element-a9eddb8 e-flex e-con-boxed e-con e-parent\" data-id=\"a9eddb8\" data-element_type=\"container\" data-e-type=\"container\">\n\t\t\t\t\t<div class=\"e-con-inner\">\n\t\t\t\t<div class=\"elementor-element elementor-element-0207dcc elementor-widget elementor-widget-heading\" data-id=\"0207dcc\" data-element_type=\"widget\" data-e-type=\"widget\" data-widget_type=\"heading.default\">\n\t\t\t\t\t<h2 class=\"elementor-heading-title elementor-size-default\">\nNOSSOS SERV\u00c7OS<\/h2>\t\t\t\t<\/div>\n\t\t\t\t\t<\/div>\n\t\t\t\t<\/div>\n\t\t<div class=\"elementor-element elementor-element-d145eaf e-flex e-con-boxed e-con e-parent\" data-id=\"d145eaf\" data-element_type=\"container\" data-e-type=\"container\">\n\t\t\t\t\t<div class=\"e-con-inner\">\n\t\t\t\t<div class=\"elementor-element elementor-element-55aa6d0 elementor-widget elementor-widget-text-editor\" data-id=\"55aa6d0\" data-element_type=\"widget\" data-e-type=\"widget\" data-widget_type=\"text-editor.default\">\n\t\t\t\t\t\t\t\t\t<p data-start=\"205\" data-end=\"424\"><span dir=\"auto\" style=\"vertical-align: inherit;\"><span dir=\"auto\" style=\"vertical-align: inherit;\"><span dir=\"auto\" style=\"vertical-align: inherit;\"><span dir=\"auto\" style=\"vertical-align: inherit;\">A <\/span><\/span><\/span><\/span><strong data-start=\"207\" data-end=\"237\"><span dir=\"auto\" style=\"vertical-align: inherit;\"><span dir=\"auto\" style=\"vertical-align: inherit;\"><span dir=\"auto\" style=\"vertical-align: inherit;\"><span dir=\"auto\" style=\"vertical-align: inherit;\">SB Servi\u00e7os Intermedia\u00e7\u00f5es<\/span><\/span><\/span><\/span><\/strong><span dir=\"auto\" style=\"vertical-align: inherit;\"><span dir=\"auto\" style=\"vertical-align: inherit;\"><span dir=\"auto\" style=\"vertical-align: inherit;\"><span dir=\"auto\" style=\"vertical-align: inherit;\"> oferece solu\u00e7\u00f5es completas e integradas voltadas para a sustentabilidade, gera\u00e7\u00e3o de energia e desenvolvimento de neg\u00f3cios, participantes de forma estrat\u00e9gica nos mercados nacionais e internacionais.<\/span><\/span><\/span><\/span><\/p><p data-start=\"426\" data-end=\"630\"><span dir=\"auto\" style=\"vertical-align: inherit;\"><span dir=\"auto\" style=\"vertical-align: inherit;\"><span dir=\"auto\" style=\"vertical-align: inherit;\"><span dir=\"auto\" style=\"vertical-align: inherit;\">Com foco em inova\u00e7\u00e3o, efici\u00eancia e responsabilidade ambiental, nossos servi\u00e7os s\u00e3o estruturados para atender empresas, investidores e \u00f3rg\u00e3os p\u00fablicos que buscam solu\u00e7\u00f5es modernas e economicamente vi\u00e1veis.<\/span><\/span><\/span><\/span><\/p><hr data-start=\"632\" data-end=\"635\" \/><h2 data-section-id=\"1pqkdms\" data-start=\"637\" data-end=\"692\"><span dir=\"auto\" style=\"vertical-align: inherit;\"><span dir=\"auto\" style=\"vertical-align: inherit;\"><span dir=\"auto\" style=\"vertical-align: inherit;\"><span dir=\"auto\" style=\"vertical-align: inherit;\">Implanta\u00e7\u00e3o de Usinas RSU (Res\u00edduos S\u00f3lidos Urbanos)<\/span><\/span><\/span><\/span><\/h2><p data-start=\"694\" data-end=\"884\"><span dir=\"auto\" style=\"vertical-align: inherit;\"><span dir=\"auto\" style=\"vertical-align: inherit;\"><span dir=\"auto\" style=\"vertical-align: inherit;\"><span dir=\"auto\" style=\"vertical-align: inherit;\">Desenvolvemos projetos completos para implanta\u00e7\u00e3o de usinas de tratamento de res\u00edduos s\u00f3lidos urbanos, com o objetivo de eliminar lix\u00f5es no c\u00e9u aberto e transformar res\u00edduos em energia limpa.<\/span><\/span><\/span><\/span><\/p><p data-start=\"886\" data-end=\"1090\"><span dir=\"auto\" style=\"vertical-align: inherit;\"><span dir=\"auto\" style=\"vertical-align: inherit;\"><span dir=\"auto\" style=\"vertical-align: inherit;\"><span dir=\"auto\" style=\"vertical-align: inherit;\">Atrav\u00e9s de tecnologias avan\u00e7adas, como a pir\u00f3lise, possibilitamos a gera\u00e7\u00e3o de energia, biog\u00e1s e outros subprodutos, contribuindo para a sustentabilidade ambiental e gera\u00e7\u00e3o de receitas para os munic\u00edpios.<\/span><\/span><\/span><\/span><\/p><hr data-start=\"1092\" data-end=\"1095\" \/><h2 data-section-id=\"y3vupo\" data-start=\"1097\" data-end=\"1156\"><span dir=\"auto\" style=\"vertical-align: inherit;\"><span dir=\"auto\" style=\"vertical-align: inherit;\"><span dir=\"auto\" style=\"vertical-align: inherit;\"><span dir=\"auto\" style=\"vertical-align: inherit;\">Implanta\u00e7\u00e3o de Usinas RCC (Res\u00edduos da Constru\u00e7\u00e3o Civil)<\/span><\/span><\/span><\/span><\/h2><p data-start=\"1158\" data-end=\"1301\"><span dir=\"auto\" style=\"vertical-align: inherit;\"><span dir=\"auto\" style=\"vertical-align: inherit;\"><span dir=\"auto\" style=\"vertical-align: inherit;\"><span dir=\"auto\" style=\"vertical-align: inherit;\">Atuamos na implementa\u00e7\u00e3o de usinas para processamento de res\u00edduos da constru\u00e7\u00e3o civil, transformando entulhos em novos materiais reutiliz\u00e1veis.<\/span><\/span><\/span><\/span><\/p><p data-start=\"1303\" data-end=\"1419\"><span dir=\"auto\" style=\"vertical-align: inherit;\"><span dir=\"auto\" style=\"vertical-align: inherit;\"><span dir=\"auto\" style=\"vertical-align: inherit;\"><span dir=\"auto\" style=\"vertical-align: inherit;\">Essa solu\u00e7\u00e3o reduz impactos ambientais, promove a economia circular e gera novos insumos para o setor da constru\u00e7\u00e3o.<\/span><\/span><\/span><\/span><\/p><hr data-start=\"1421\" data-end=\"1424\" \/><h2 data-section-id=\"1jriz2j\" data-start=\"1426\" data-end=\"1468\"><span dir=\"auto\" style=\"vertical-align: inherit;\"><span dir=\"auto\" style=\"vertical-align: inherit;\"><span dir=\"auto\" style=\"vertical-align: inherit;\"><span dir=\"auto\" style=\"vertical-align: inherit;\">Intermedia\u00e7\u00e3o Internacional de Neg\u00f3cios<\/span><\/span><\/span><\/span><\/h2><p data-start=\"1470\" data-end=\"1626\"><span dir=\"auto\" style=\"vertical-align: inherit;\"><span dir=\"auto\" style=\"vertical-align: inherit;\"><span dir=\"auto\" style=\"vertical-align: inherit;\"><span dir=\"auto\" style=\"vertical-align: inherit;\">Conectamos empresas, fornecedores e compradores em opera\u00e7\u00f5es comerciais seguras e estrat\u00e9gicas, facilitando negocia\u00e7\u00f5es no mercado nacional e internacional.<\/span><\/span><\/span><\/span><\/p><p data-start=\"1628\" data-end=\"1721\"><span dir=\"auto\" style=\"vertical-align: inherit;\"><span dir=\"auto\" style=\"vertical-align: inherit;\"><span dir=\"auto\" style=\"vertical-align: inherit;\"><span dir=\"auto\" style=\"vertical-align: inherit;\">Nossa atua\u00e7\u00e3o garante agilidade, transpar\u00eancia e acesso \u00e0s melhores oportunidades do mercado.<\/span><\/span><\/span><\/span><\/p><hr data-start=\"1723\" data-end=\"1726\" \/><h2 data-section-id=\"7ol2zt\" data-start=\"1728\" data-end=\"1761\"><span dir=\"auto\" style=\"vertical-align: inherit;\"><span dir=\"auto\" style=\"vertical-align: inherit;\"><span dir=\"auto\" style=\"vertical-align: inherit;\"><span dir=\"auto\" style=\"vertical-align: inherit;\">Comercializa\u00e7\u00e3o de Commodities<\/span><\/span><\/span><\/span><\/h2><p data-start=\"1763\" data-end=\"1946\"><span dir=\"auto\" style=\"vertical-align: inherit;\"><span dir=\"auto\" style=\"vertical-align: inherit;\"><span dir=\"auto\" style=\"vertical-align: inherit;\"><span dir=\"auto\" style=\"vertical-align: inherit;\">Trabalhamos com a intermedia\u00e7\u00e3o e negocia\u00e7\u00e3o de commodities em diversos segmentos, oferecendo aos nossos clientes condi\u00e7\u00f5es competitivas, seguran\u00e7a nas transa\u00e7\u00f5es e parcerias s\u00f3lidas.<\/span><\/span><\/span><\/span><\/p><hr data-start=\"1948\" data-end=\"1951\" \/><h2 data-section-id=\"jb538g\" data-start=\"1953\" data-end=\"2001\"><span dir=\"auto\" style=\"vertical-align: inherit;\"><span dir=\"auto\" style=\"vertical-align: inherit;\"><span dir=\"auto\" style=\"vertical-align: inherit;\"><span dir=\"auto\" style=\"vertical-align: inherit;\">Consultoria Ambiental e Projetos Sustent\u00e1veis<\/span><\/span><\/span><\/span><\/h2><p data-start=\"2003\" data-end=\"2211\"><span dir=\"auto\" style=\"vertical-align: inherit;\"><span dir=\"auto\" style=\"vertical-align: inherit;\"><span dir=\"auto\" style=\"vertical-align: inherit;\"><span dir=\"auto\" style=\"vertical-align: inherit;\">Oferecemos suporte t\u00e9cnico e estrat\u00e9gia para implanta\u00e7\u00e3o de solu\u00e7\u00f5es ambientais, auxiliando empresas e munic\u00edpios na adequa\u00e7\u00e3o \u00e0s normas, obten\u00e7\u00e3o de certifica\u00e7\u00f5es e desenvolvimento de projetos sustent\u00e1veis.<\/span><\/span><\/span><\/span><\/p><hr data-start=\"2213\" data-end=\"2216\" \/><h1 data-section-id=\"116849b\" data-start=\"2218\" data-end=\"2237\"><span dir=\"auto\" style=\"vertical-align: inherit;\"><span dir=\"auto\" style=\"vertical-align: inherit;\"><span dir=\"auto\" style=\"vertical-align: inherit;\"><span dir=\"auto\" style=\"vertical-align: inherit;\">Nosso Compromisso<\/span><\/span><\/span><\/span><\/h1><p data-start=\"2239\" data-end=\"2452\"><span dir=\"auto\" style=\"vertical-align: inherit;\"><span dir=\"auto\" style=\"vertical-align: inherit;\"><span dir=\"auto\" style=\"vertical-align: inherit;\"><span dir=\"auto\" style=\"vertical-align: inherit;\">Mais do que prestar servi\u00e7os, a SB Servi\u00e7os Intermedia\u00e7\u00f5es atua como parceira estrat\u00e9gica, desenvolvendo solu\u00e7\u00f5es que geram valor econ\u00f4mico, impacto ambiental positivo e melhoria na qualidade de vida da popula\u00e7\u00e3o.<\/span><\/span><\/span><\/span><\/p>\t\t\t\t\t\t\t\t<\/div>\n\t\t\t\t\t<\/div>\n\t\t\t\t<\/div>\n\t\t\t\t<\/div>\n\t\t","protected":false},"excerpt":{"rendered":"<p>NOSSOS SERV\u00c7OS A SB Servi\u00e7os Intermedia\u00e7\u00f5es oferece solu\u00e7\u00f5es completas e integradas voltadas para a sustentabilidade, gera\u00e7\u00e3o de energia e desenvolvimento de neg\u00f3cios, participantes de forma estrat\u00e9gica nos mercados nacionais e internacionais. Com foco em inova\u00e7\u00e3o, efici\u00eancia e responsabilidade ambiental, nossos servi\u00e7os s\u00e3o estruturados para atender empresas, investidores e \u00f3rg\u00e3os p\u00fablicos que buscam solu\u00e7\u00f5es modernas e [&hellip;]<\/p>\n","protected":false},"author":1,"featured_media":0,"parent":0,"menu_order":0,"comment_status":"closed","ping_status":"closed","template":"","meta":{"footnotes":""},"class_list":["post-145","page","type-page","status-publish","hentry"],"_links":{"self":[{"href":"https:\/\/sbservicos.net.br\/index.php?rest_route=\/wp\/v2\/pages\/145","targetHints":{"allow":["GET"]}}],"collection":[{"href":"https:\/\/sbservicos.net.br\/index.php?rest_route=\/wp\/v2\/pages"}],"about":[{"href":"https:\/\/sbservicos.net.br\/index.php?rest_route=\/wp\/v2\/types\/page"}],"author":[{"embeddable":true,"href":"https:\/\/sbservicos.net.br\/index.php?rest_route=\/wp\/v2\/users\/1"}],"replies":[{"embeddable":true,"href":"https:\/\/sbservicos.net.br\/index.php?rest_route=%2Fwp%2Fv2%2Fcomments&post=145"}],"version-history":[{"count":5,"href":"https:\/\/sbservicos.net.br\/index.php?rest_route=\/wp\/v2\/pages\/145\/revisions"}],"predecessor-version":[{"id":152,"href":"https:\/\/sbservicos.net.br\/index.php?rest_route=\/wp\/v2\/pages\/145\/revisions\/152"}],"wp:attachment":[{"href":"https:\/\/sbservicos.net.br\/index.php?rest_route=%2Fwp%2Fv2%2Fmedia&parent=145"}],"curies":[{"name":"wp","href":"https:\/\/api.w.org\/{rel}","templated":true}]}}