{"id":257,"date":"2026-03-23T11:30:27","date_gmt":"2026-03-23T11:30:27","guid":{"rendered":"https:\/\/sbservicos.cliqueapps.pt\/?page_id=257"},"modified":"2026-04-03T14:11:12","modified_gmt":"2026-04-03T14:11:12","slug":"contato","status":"publish","type":"page","link":"https:\/\/sbservicos.net.br\/?page_id=257","title":{"rendered":"CONTATO"},"content":{"rendered":"\t\t<div data-elementor-type=\"wp-page\" data-elementor-id=\"257\" class=\"elementor elementor-257\">\n\t\t\t\t<div class=\"elementor-element elementor-element-02cbb7a e-flex e-con-boxed e-con e-parent\" data-id=\"02cbb7a\" data-element_type=\"container\" data-e-type=\"container\">\n\t\t\t\t\t<div class=\"e-con-inner\">\n\t\t\t\t<div class=\"elementor-element elementor-element-3f78a23 elementor-widget elementor-widget-text-editor\" data-id=\"3f78a23\" data-element_type=\"widget\" data-e-type=\"widget\" data-widget_type=\"text-editor.default\">\n\t\t\t\t\t\t\t\t\t<p data-start=\"128\" data-end=\"315\"><span dir=\"auto\" style=\"vertical-align: inherit;\"><span dir=\"auto\" style=\"vertical-align: inherit;\"><span dir=\"auto\" style=\"vertical-align: inherit;\"><span dir=\"auto\" style=\"vertical-align: inherit;\">Entre em contato com a <\/span><\/span><\/span><\/span><strong data-start=\"151\" data-end=\"181\"><span dir=\"auto\" style=\"vertical-align: inherit;\"><span dir=\"auto\" style=\"vertical-align: inherit;\"><span dir=\"auto\" style=\"vertical-align: inherit;\"><span dir=\"auto\" style=\"vertical-align: inherit;\">SB Servi\u00e7os Intermedia\u00e7\u00f5es<\/span><\/span><\/span><\/span><\/strong><span dir=\"auto\" style=\"vertical-align: inherit;\"><span dir=\"auto\" style=\"vertical-align: inherit;\"><span dir=\"auto\" style=\"vertical-align: inherit;\"><span dir=\"auto\" style=\"vertical-align: inherit;\"> e descubra como podemos ajudar no desenvolvimento de solu\u00e7\u00f5es sustent\u00e1veis \u200b\u200be oportunidades de neg\u00f3cios para sua empresa ou munic\u00edpio.<\/span><\/span><\/span><\/span><\/p><hr data-start=\"317\" data-end=\"320\" \/><h2 data-section-id=\"18qxu8o\" data-start=\"322\" data-end=\"348\"><span dir=\"auto\" style=\"vertical-align: inherit;\"><span dir=\"auto\" style=\"vertical-align: inherit;\"><span dir=\"auto\" style=\"vertical-align: inherit;\"><span dir=\"auto\" style=\"vertical-align: inherit;\">\ud83d\udcde Telefones \/ WhatsApp<\/span><\/span><\/span><\/span><\/h2><p data-start=\"350\" data-end=\"391\"><strong data-start=\"350\" data-end=\"368\"><span dir=\"auto\" style=\"vertical-align: inherit;\"><span dir=\"auto\" style=\"vertical-align: inherit;\"><span dir=\"auto\" style=\"vertical-align: inherit;\"><span dir=\"auto\" style=\"vertical-align: inherit;\">Eduardo Bentes<\/span><\/span><\/span><\/span><\/strong><br data-start=\"368\" data-end=\"371\" \/><span dir=\"auto\" style=\"vertical-align: inherit;\"><span dir=\"auto\" style=\"vertical-align: inherit;\"><span dir=\"auto\" style=\"vertical-align: inherit;\"><span dir=\"auto\" style=\"vertical-align: inherit;\"> \ud83d\udcf1 (91) 98579-8167<\/span><\/span><\/span><\/span><\/p><hr data-start=\"427\" data-end=\"430\" \/><h2 data-section-id=\"sw707y\" data-start=\"432\" data-end=\"444\"><span dir=\"auto\" style=\"vertical-align: inherit;\"><span dir=\"auto\" style=\"vertical-align: inherit;\"><span dir=\"auto\" style=\"vertical-align: inherit;\"><span dir=\"auto\" style=\"vertical-align: inherit;\">\ud83d\udce7 E-mail<\/span><\/span><\/span><\/span><\/h2><p data-start=\"446\" data-end=\"476\"><span dir=\"auto\" style=\"vertical-align: inherit;\"><span dir=\"auto\" style=\"vertical-align: inherit;\"><span dir=\"auto\" style=\"vertical-align: inherit;\"><span dir=\"auto\" style=\"vertical-align: inherit;\">\u2709\ufe0f <\/span><\/span><\/span><\/span><a class=\"decorated-link cursor-pointer\" rel=\"noopener\" data-start=\"449\" data-end=\"474\"><span dir=\"auto\" style=\"vertical-align: inherit;\"><span dir=\"auto\" style=\"vertical-align: inherit;\"><span dir=\"auto\" style=\"vertical-align: inherit;\"><span dir=\"auto\" style=\"vertical-align: inherit;\">contato@sbservicos.net.br<\/span><\/span><\/span><\/span><\/a><\/p><p data-start=\"446\" data-end=\"476\"><span dir=\"auto\" style=\"vertical-align: inherit;\"><span dir=\"auto\" style=\"vertical-align: inherit;\"><span dir=\"auto\" style=\"vertical-align: inherit;\">\u2709\ufe0f <\/span>eduardobentes@sbservicos.net.br<\/span><\/span><\/p>\t\t\t\t\t\t\t\t<\/div>\n\t\t\t\t\t<\/div>\n\t\t\t\t<\/div>\n\t\t\t\t<\/div>\n\t\t","protected":false},"excerpt":{"rendered":"<p>Entre em contato com a SB Servi\u00e7os Intermedia\u00e7\u00f5es e descubra como podemos ajudar no desenvolvimento de solu\u00e7\u00f5es sustent\u00e1veis \u200b\u200be oportunidades de neg\u00f3cios para sua empresa ou munic\u00edpio. \ud83d\udcde Telefones \/ WhatsApp Eduardo Bentes \ud83d\udcf1 (91) 98579-8167 \ud83d\udce7 E-mail \u2709\ufe0f contato@sbservicos.net.br \u2709\ufe0f eduardobentes@sbservicos.net.br<\/p>\n","protected":false},"author":1,"featured_media":0,"parent":0,"menu_order":0,"comment_status":"closed","ping_status":"closed","template":"","meta":{"footnotes":""},"class_list":["post-257","page","type-page","status-publish","hentry"],"_links":{"self":[{"href":"https:\/\/sbservicos.net.br\/index.php?rest_route=\/wp\/v2\/pages\/257","targetHints":{"allow":["GET"]}}],"collection":[{"href":"https:\/\/sbservicos.net.br\/index.php?rest_route=\/wp\/v2\/pages"}],"about":[{"href":"https:\/\/sbservicos.net.br\/index.php?rest_route=\/wp\/v2\/types\/page"}],"author":[{"embeddable":true,"href":"https:\/\/sbservicos.net.br\/index.php?rest_route=\/wp\/v2\/users\/1"}],"replies":[{"embeddable":true,"href":"https:\/\/sbservicos.net.br\/index.php?rest_route=%2Fwp%2Fv2%2Fcomments&post=257"}],"version-history":[{"count":12,"href":"https:\/\/sbservicos.net.br\/index.php?rest_route=\/wp\/v2\/pages\/257\/revisions"}],"predecessor-version":[{"id":327,"href":"https:\/\/sbservicos.net.br\/index.php?rest_route=\/wp\/v2\/pages\/257\/revisions\/327"}],"wp:attachment":[{"href":"https:\/\/sbservicos.net.br\/index.php?rest_route=%2Fwp%2Fv2%2Fmedia&parent=257"}],"curies":[{"name":"wp","href":"https:\/\/api.w.org\/{rel}","templated":true}]}}